{"id":2877,"date":"2021-09-15T10:25:42","date_gmt":"2021-09-15T10:25:42","guid":{"rendered":"https:\/\/wordpress.vecurosoft.com\/haarino\/?page_id=2877"},"modified":"2026-03-12T08:17:00","modified_gmt":"2026-03-12T08:17:00","slug":"damen-galerie","status":"publish","type":"page","link":"https:\/\/coiffeurprince.ch\/de\/damen-galerie\/","title":{"rendered":"Damen Galerie"},"content":{"rendered":"<div data-elementor-type=\"wp-page\" data-elementor-id=\"2877\" class=\"elementor elementor-2877\" data-elementor-post-type=\"page\">\n\t\t\t\t\t\t<section class=\"elementor-section elementor-top-section elementor-element elementor-element-47b7f64 elementor-section-full_width elementor-section-height-default elementor-section-height-default\" data-id=\"47b7f64\" data-element_type=\"section\" data-e-type=\"section\">\n\t\t\t\t\t\t<div class=\"elementor-container elementor-column-gap-no\">\n\t\t\t\t\t<div class=\"elementor-column elementor-col-100 elementor-top-column elementor-element elementor-element-222b81d\" data-id=\"222b81d\" data-element_type=\"column\" data-e-type=\"column\">\n\t\t\t<div class=\"elementor-widget-wrap elementor-element-populated\">\n\t\t\t\t\t\t<section class=\"elementor-section elementor-inner-section elementor-element elementor-element-e7b17f0 elementor-section-full_width elementor-section-height-default elementor-section-height-default\" data-id=\"e7b17f0\" data-element_type=\"section\" data-e-type=\"section\">\n\t\t\t\t\t\t<div class=\"elementor-container elementor-column-gap-no\">\n\t\t\t\t\t<div class=\"elementor-column elementor-col-100 elementor-inner-column elementor-element elementor-element-550ee12\" data-id=\"550ee12\" data-element_type=\"column\" data-e-type=\"column\">\n\t\t\t<div class=\"elementor-widget-wrap elementor-element-populated\">\n\t\t\t\t\t\t<div class=\"elementor-element elementor-element-0742bc2 elementor-widget elementor-widget-haarmaxgallery\" data-id=\"0742bc2\" data-element_type=\"widget\" data-e-type=\"widget\" data-widget_type=\"haarmaxgallery.default\">\n\t\t\t\t<div class=\"elementor-widget-container\">\n\t\t\t\t\t<div class=\"vs-gallery-wrapper\"><div class=\"container\"><div class=\"row g-3 filter-active\"><div class=\"col-md-6 col-lg-4 filter-item\"><div class=\"vs-gallery-box\"><div class=\"gallery-img\"><img decoding=\"async\" src=\"https:\/\/coiffeurprince.ch\/wp-content\/uploads\/2026\/02\/1-5.webp\" alt=\"1 5\"  class=\"w-100\" \/><\/div><div class=\"gallery-content\"><a href=\"https:\/\/coiffeurprince.ch\/wp-content\/uploads\/2026\/02\/1-5.webp\" class=\"icon-btn popup-image style-outline\"><i class=\"fas fa-plus\"><\/i><\/a><\/div><\/div><\/div><div class=\"col-md-6 col-lg-4 filter-item\"><div class=\"vs-gallery-box\"><div class=\"gallery-img\"><img decoding=\"async\" src=\"https:\/\/coiffeurprince.ch\/wp-content\/uploads\/2026\/02\/2-6.webp\" alt=\"2 6\"  class=\"w-100\" \/><\/div><div class=\"gallery-content\"><a href=\"https:\/\/coiffeurprince.ch\/wp-content\/uploads\/2026\/02\/2-6.webp\" class=\"icon-btn popup-image style-outline\"><i class=\"fas fa-plus\"><\/i><\/a><\/div><\/div><\/div><div class=\"col-md-6 col-lg-4 filter-item\"><div class=\"vs-gallery-box\"><div class=\"gallery-img\"><img decoding=\"async\" src=\"https:\/\/coiffeurprince.ch\/wp-content\/uploads\/2026\/02\/3-6.webp\" alt=\"3 6\"  class=\"w-100\" \/><\/div><div class=\"gallery-content\"><a href=\"https:\/\/coiffeurprince.ch\/wp-content\/uploads\/2026\/02\/3-6.webp\" class=\"icon-btn popup-image style-outline\"><i class=\"fas fa-plus\"><\/i><\/a><\/div><\/div><\/div><div class=\"col-md-6 col-lg-4 filter-item\"><div class=\"vs-gallery-box\"><div class=\"gallery-img\"><img decoding=\"async\" src=\"https:\/\/coiffeurprince.ch\/wp-content\/uploads\/2026\/02\/4-3.webp\" alt=\"4 3\"  class=\"w-100\" \/><\/div><div class=\"gallery-content\"><a href=\"https:\/\/coiffeurprince.ch\/wp-content\/uploads\/2026\/02\/4-3.webp\" class=\"icon-btn popup-image style-outline\"><i class=\"fas fa-plus\"><\/i><\/a><\/div><\/div><\/div><div class=\"col-md-6 col-lg-4 filter-item\"><div class=\"vs-gallery-box\"><div class=\"gallery-img\"><img decoding=\"async\" src=\"https:\/\/coiffeurprince.ch\/wp-content\/uploads\/2026\/02\/5-3.webp\" alt=\"5 3\"  class=\"w-100\" \/><\/div><div class=\"gallery-content\"><a href=\"https:\/\/coiffeurprince.ch\/wp-content\/uploads\/2026\/02\/5-3.webp\" class=\"icon-btn popup-image style-outline\"><i class=\"fas fa-plus\"><\/i><\/a><\/div><\/div><\/div><div class=\"col-md-6 col-lg-4 filter-item\"><div class=\"vs-gallery-box\"><div class=\"gallery-img\"><img decoding=\"async\" src=\"https:\/\/coiffeurprince.ch\/wp-content\/uploads\/2026\/02\/6-3.webp\" alt=\"6 3\"  class=\"w-100\" \/><\/div><div class=\"gallery-content\"><a href=\"https:\/\/coiffeurprince.ch\/wp-content\/uploads\/2026\/02\/6-3.webp\" class=\"icon-btn popup-image style-outline\"><i class=\"fas fa-plus\"><\/i><\/a><\/div><\/div><\/div><div class=\"col-md-6 col-lg-4 filter-item\"><div class=\"vs-gallery-box\"><div class=\"gallery-img\"><img decoding=\"async\" src=\"https:\/\/coiffeurprince.ch\/wp-content\/uploads\/2026\/02\/7.webp\" alt=\"7\"  class=\"w-100\" \/><\/div><div class=\"gallery-content\"><a href=\"https:\/\/coiffeurprince.ch\/wp-content\/uploads\/2026\/02\/7.webp\" class=\"icon-btn popup-image style-outline\"><i class=\"fas fa-plus\"><\/i><\/a><\/div><\/div><\/div><div class=\"col-md-6 col-lg-4 filter-item\"><div class=\"vs-gallery-box\"><div class=\"gallery-img\"><img decoding=\"async\" src=\"https:\/\/coiffeurprince.ch\/wp-content\/uploads\/2026\/02\/8-1.webp\" alt=\"8 1\"  class=\"w-100\" \/><\/div><div class=\"gallery-content\"><a href=\"https:\/\/coiffeurprince.ch\/wp-content\/uploads\/2026\/02\/8-1.webp\" class=\"icon-btn popup-image style-outline\"><i class=\"fas fa-plus\"><\/i><\/a><\/div><\/div><\/div><div class=\"col-md-6 col-lg-4 filter-item\"><div class=\"vs-gallery-box\"><div class=\"gallery-img\"><img decoding=\"async\" src=\"https:\/\/coiffeurprince.ch\/wp-content\/uploads\/2026\/02\/9.webp\" alt=\"9\"  class=\"w-100\" \/><\/div><div class=\"gallery-content\"><a href=\"https:\/\/coiffeurprince.ch\/wp-content\/uploads\/2026\/02\/9.webp\" class=\"icon-btn popup-image style-outline\"><i class=\"fas fa-plus\"><\/i><\/a><\/div><\/div><\/div><div class=\"col-md-6 col-lg-4 filter-item\"><div class=\"vs-gallery-box\"><div class=\"gallery-img\"><img decoding=\"async\" src=\"https:\/\/coiffeurprince.ch\/wp-content\/uploads\/2026\/02\/10.webp\" alt=\"10\"  class=\"w-100\" \/><\/div><div class=\"gallery-content\"><a href=\"https:\/\/coiffeurprince.ch\/wp-content\/uploads\/2026\/02\/10.webp\" class=\"icon-btn popup-image style-outline\"><i class=\"fas fa-plus\"><\/i><\/a><\/div><\/div><\/div><div class=\"col-md-6 col-lg-4 filter-item\"><div class=\"vs-gallery-box\"><div class=\"gallery-img\"><img decoding=\"async\" src=\"https:\/\/coiffeurprince.ch\/wp-content\/uploads\/2026\/02\/11-3.webp\" alt=\"11 3\"  class=\"w-100\" \/><\/div><div class=\"gallery-content\"><a href=\"https:\/\/coiffeurprince.ch\/wp-content\/uploads\/2026\/02\/11-3.webp\" class=\"icon-btn popup-image style-outline\"><i class=\"fas fa-plus\"><\/i><\/a><\/div><\/div><\/div><div class=\"col-md-6 col-lg-4 filter-item\"><div class=\"vs-gallery-box\"><div class=\"gallery-img\"><img decoding=\"async\" src=\"https:\/\/coiffeurprince.ch\/wp-content\/uploads\/2026\/02\/12-1.webp\" alt=\"12 1\"  class=\"w-100\" \/><\/div><div class=\"gallery-content\"><a href=\"https:\/\/coiffeurprince.ch\/wp-content\/uploads\/2026\/02\/12-1.webp\" class=\"icon-btn popup-image style-outline\"><i class=\"fas fa-plus\"><\/i><\/a><\/div><\/div><\/div><div class=\"col-md-6 col-lg-4 filter-item\"><div class=\"vs-gallery-box\"><div class=\"gallery-img\"><img decoding=\"async\" src=\"https:\/\/coiffeurprince.ch\/wp-content\/uploads\/2026\/02\/13-1.webp\" alt=\"13 1\"  class=\"w-100\" \/><\/div><div class=\"gallery-content\"><a href=\"https:\/\/coiffeurprince.ch\/wp-content\/uploads\/2026\/02\/13-1.webp\" class=\"icon-btn popup-image style-outline\"><i class=\"fas fa-plus\"><\/i><\/a><\/div><\/div><\/div><div class=\"col-md-6 col-lg-4 filter-item\"><div class=\"vs-gallery-box\"><div class=\"gallery-img\"><img decoding=\"async\" src=\"https:\/\/coiffeurprince.ch\/wp-content\/uploads\/2026\/02\/Untitled-design-70.webp\" alt=\"Untitled design 70\"  class=\"w-100\" \/><\/div><div class=\"gallery-content\"><a href=\"https:\/\/coiffeurprince.ch\/wp-content\/uploads\/2026\/02\/Untitled-design-70.webp\" class=\"icon-btn popup-image style-outline\"><i class=\"fas fa-plus\"><\/i><\/a><\/div><\/div><\/div><div class=\"col-md-6 col-lg-4 filter-item\"><div class=\"vs-gallery-box\"><div class=\"gallery-img\"><img decoding=\"async\" src=\"https:\/\/coiffeurprince.ch\/wp-content\/uploads\/2026\/02\/15-1.webp\" alt=\"15 1\"  class=\"w-100\" \/><\/div><div class=\"gallery-content\"><a href=\"https:\/\/coiffeurprince.ch\/wp-content\/uploads\/2026\/02\/15-1.webp\" class=\"icon-btn popup-image style-outline\"><i class=\"fas fa-plus\"><\/i><\/a><\/div><\/div><\/div><div class=\"col-md-6 col-lg-4 filter-item\"><div class=\"vs-gallery-box\"><div class=\"gallery-img\"><img decoding=\"async\" src=\"https:\/\/coiffeurprince.ch\/wp-content\/uploads\/2026\/02\/16-1.webp\" alt=\"16 1\"  class=\"w-100\" \/><\/div><div class=\"gallery-content\"><a href=\"https:\/\/coiffeurprince.ch\/wp-content\/uploads\/2026\/02\/16-1.webp\" class=\"icon-btn popup-image style-outline\"><i class=\"fas fa-plus\"><\/i><\/a><\/div><\/div><\/div><div class=\"col-md-6 col-lg-4 filter-item\"><div class=\"vs-gallery-box\"><div class=\"gallery-img\"><img decoding=\"async\" src=\"https:\/\/coiffeurprince.ch\/wp-content\/uploads\/2026\/02\/17-1.webp\" alt=\"17 1\"  class=\"w-100\" \/><\/div><div class=\"gallery-content\"><a href=\"https:\/\/coiffeurprince.ch\/wp-content\/uploads\/2026\/02\/17-1.webp\" class=\"icon-btn popup-image style-outline\"><i class=\"fas fa-plus\"><\/i><\/a><\/div><\/div><\/div><div class=\"col-md-6 col-lg-4 filter-item\"><div class=\"vs-gallery-box\"><div class=\"gallery-img\"><img decoding=\"async\" src=\"https:\/\/coiffeurprince.ch\/wp-content\/uploads\/2026\/02\/Untitled-design-65.webp\" alt=\"Untitled design 65\"  class=\"w-100\" \/><\/div><div class=\"gallery-content\"><a href=\"https:\/\/coiffeurprince.ch\/wp-content\/uploads\/2026\/02\/Untitled-design-65.webp\" class=\"icon-btn popup-image style-outline\"><i class=\"fas fa-plus\"><\/i><\/a><\/div><\/div><\/div><div class=\"col-md-6 col-lg-4 filter-item\"><div class=\"vs-gallery-box\"><div class=\"gallery-img\"><img decoding=\"async\" src=\"https:\/\/coiffeurprince.ch\/wp-content\/uploads\/2026\/02\/19.webp\" alt=\"19\"  class=\"w-100\" \/><\/div><div class=\"gallery-content\"><a href=\"https:\/\/coiffeurprince.ch\/wp-content\/uploads\/2026\/02\/19.webp\" class=\"icon-btn popup-image style-outline\"><i class=\"fas fa-plus\"><\/i><\/a><\/div><\/div><\/div><div class=\"col-md-6 col-lg-4 filter-item\"><div class=\"vs-gallery-box\"><div class=\"gallery-img\"><img decoding=\"async\" src=\"https:\/\/coiffeurprince.ch\/wp-content\/uploads\/2026\/02\/20-1.webp\" alt=\"20 1\"  class=\"w-100\" \/><\/div><div class=\"gallery-content\"><a href=\"https:\/\/coiffeurprince.ch\/wp-content\/uploads\/2026\/02\/20-1.webp\" class=\"icon-btn popup-image style-outline\"><i class=\"fas fa-plus\"><\/i><\/a><\/div><\/div><\/div><div class=\"col-md-6 col-lg-4 filter-item\"><div class=\"vs-gallery-box\"><div class=\"gallery-img\"><img decoding=\"async\" src=\"https:\/\/coiffeurprince.ch\/wp-content\/uploads\/2026\/03\/4-5.webp\" alt=\"4 5\"  class=\"w-100\" \/><\/div><div class=\"gallery-content\"><a href=\"https:\/\/coiffeurprince.ch\/wp-content\/uploads\/2026\/03\/4-5.webp\" class=\"icon-btn popup-image style-outline\"><i class=\"fas fa-plus\"><\/i><\/a><\/div><\/div><\/div><div class=\"col-md-6 col-lg-4 filter-item\"><div class=\"vs-gallery-box\"><div class=\"gallery-img\"><img decoding=\"async\" src=\"https:\/\/coiffeurprince.ch\/wp-content\/uploads\/2026\/03\/5-4.webp\" alt=\"5 4\"  class=\"w-100\" \/><\/div><div class=\"gallery-content\"><a href=\"https:\/\/coiffeurprince.ch\/wp-content\/uploads\/2026\/03\/5-4.webp\" class=\"icon-btn popup-image style-outline\"><i class=\"fas fa-plus\"><\/i><\/a><\/div><\/div><\/div><div class=\"col-md-6 col-lg-4 filter-item\"><div class=\"vs-gallery-box\"><div class=\"gallery-img\"><img decoding=\"async\" src=\"https:\/\/coiffeurprince.ch\/wp-content\/uploads\/2026\/03\/3-8.webp\" alt=\"3 8\"  class=\"w-100\" \/><\/div><div class=\"gallery-content\"><a href=\"https:\/\/coiffeurprince.ch\/wp-content\/uploads\/2026\/03\/3-8.webp\" class=\"icon-btn popup-image style-outline\"><i class=\"fas fa-plus\"><\/i><\/a><\/div><\/div><\/div><div class=\"col-md-6 col-lg-4 filter-item\"><div class=\"vs-gallery-box\"><div class=\"gallery-img\"><img decoding=\"async\" src=\"https:\/\/coiffeurprince.ch\/wp-content\/uploads\/2026\/03\/2-10.webp\" alt=\"2 10\"  class=\"w-100\" \/><\/div><div class=\"gallery-content\"><h3 class=\"gallery-title\"><a href=\"#\" class=\"text-reset\">Protein-Haarbehandlung\n\nW\u00fcnschen Sie sich glattes, weiches und strahlendes Haar?\n\nUnsere professionelle Protein-Behandlung sorgt daf\u00fcr, dass:\n\ndas Haar sichtbar gegl\u00e4ttet wird\n\nein intensiver, nat\u00fcrlicher Glanz entsteht\n\nFrizz deutlich reduziert wird\n\ndas Haar kr\u00e4ftiger und gepflegter aussieht\n\nHaltbarkeit: etwa 6 bis 12 Monate\n\nF\u00fcr alle Haartypen geeignet, besonders f\u00fcr strapaziertes oder coloriertes Haar.<\/a><\/h3><a href=\"https:\/\/coiffeurprince.ch\/wp-content\/uploads\/2026\/03\/2-10.webp\" class=\"icon-btn popup-image style-outline\"><i class=\"fas fa-plus\"><\/i><\/a><\/div><\/div><\/div><div class=\"col-md-6 col-lg-4 filter-item\"><div class=\"vs-gallery-box\"><div class=\"gallery-img\"><img decoding=\"async\" src=\"https:\/\/coiffeurprince.ch\/wp-content\/uploads\/2026\/03\/1-8.webp\" alt=\"1 8\"  class=\"w-100\" \/><\/div><div class=\"gallery-content\"><h3 class=\"gallery-title\"><a href=\"#\" class=\"text-reset\">M\u00f6chten Sie glattes, geschmeidiges und gl\u00e4nzendes Haar?\n\nWir bieten eine professionelle Haargl\u00e4ttung, die:\n\ndas Haar sichtbar gl\u00e4ttet\n\nwiderspenstiges Haar b\u00e4ndigt\n\nFrizz deutlich reduziert\n\nf\u00fcr ein gepflegtes und seidiges Ergebnis sorgt\n\nHaltbarkeit: bis zu 6 Monate\n\nGeeignet f\u00fcr alle Haartypen, besonders f\u00fcr krauses oder schwer zu b\u00e4ndigendes Haar.<\/a><\/h3><a href=\"https:\/\/coiffeurprince.ch\/wp-content\/uploads\/2026\/03\/1-8.webp\" class=\"icon-btn popup-image style-outline\"><i class=\"fas fa-plus\"><\/i><\/a><\/div><\/div><\/div><\/div><\/div><\/div>\t\t\t\t<\/div>\n\t\t\t\t<\/div>\n\t\t\t\t\t<\/div>\n\t\t<\/div>\n\t\t\t\t\t<\/div>\n\t\t<\/section>\n\t\t\t\t\t<\/div>\n\t\t<\/div>\n\t\t\t\t\t<\/div>\n\t\t<\/section>\n\t\t\t\t<\/div>","protected":false},"excerpt":{"rendered":"<p>Protein-Haarbehandlung W\u00fcnschen Sie sich glattes, weiches und strahlendes Haar? Unsere professionelle Protein-Behandlung sorgt daf\u00fcr, dass: das Haar sichtbar gegl\u00e4ttet wird ein intensiver, nat\u00fcrlicher Glanz entsteht Frizz deutlich reduziert wird das Haar kr\u00e4ftiger und gepflegter aussieht Haltbarkeit: etwa 6 bis 12 Monate F\u00fcr alle Haartypen geeignet, besonders f\u00fcr strapaziertes oder coloriertes Haar. M\u00f6chten Sie glattes, geschmeidiges&#8230;<\/p>","protected":false},"author":1,"featured_media":0,"parent":0,"menu_order":0,"comment_status":"closed","ping_status":"closed","template":"template-builder.php","meta":{"_monsterinsights_skip_tracking":false,"_monsterinsights_sitenote_active":false,"_monsterinsights_sitenote_note":"","_monsterinsights_sitenote_category":0,"footnotes":""},"class_list":["post-2877","page","type-page","status-publish","hentry"],"aioseo_notices":[],"yoast_head":"<!-- This site is optimized with the Yoast SEO plugin v27.0 - https:\/\/yoast.com\/product\/yoast-seo-wordpress\/ -->\n<title>Damenfrisuren Galerie | Make-up &amp; Styling im Salon<\/title>\n<meta name=\"description\" content=\"Entdecken Sie unsere Damenfrisuren Galerie mit modernen Haarschnitten, Make-up und professionellen Styling-Looks aus unserem Salon.\" \/>\n<meta name=\"robots\" content=\"index, follow, max-snippet:-1, max-image-preview:large, max-video-preview:-1\" \/>\n<link rel=\"canonical\" href=\"https:\/\/coiffeurprince.ch\/de\/damen-galerie\/\" \/>\n<meta property=\"og:locale\" content=\"de_DE\" \/>\n<meta property=\"og:type\" content=\"article\" \/>\n<meta property=\"og:title\" content=\"Damenfrisuren Galerie | Make-up &amp; Styling im Salon\" \/>\n<meta property=\"og:description\" content=\"Entdecken Sie unsere Damenfrisuren Galerie mit modernen Haarschnitten, Make-up und professionellen Styling-Looks aus unserem Salon.\" \/>\n<meta property=\"og:url\" content=\"https:\/\/coiffeurprince.ch\/de\/damen-galerie\/\" \/>\n<meta property=\"og:site_name\" content=\"Coiffeur Prince\" \/>\n<meta property=\"article:modified_time\" content=\"2026-03-12T08:17:00+00:00\" \/>\n<meta property=\"og:image\" content=\"https:\/\/coiffeurprince.ch\/wp-content\/uploads\/2026\/02\/1-5.webp\" \/>\n<meta name=\"twitter:card\" content=\"summary_large_image\" \/>\n<meta name=\"twitter:label1\" content=\"Gesch\u00e4tzte Lesezeit\" \/>\n\t<meta name=\"twitter:data1\" content=\"6\u00a0Minuten\" \/>\n<script type=\"application\/ld+json\" class=\"yoast-schema-graph\">{\"@context\":\"https:\/\/schema.org\",\"@graph\":[{\"@type\":\"WebPage\",\"@id\":\"https:\/\/coiffeurprince.ch\/damen-galerie\/\",\"url\":\"https:\/\/coiffeurprince.ch\/damen-galerie\/\",\"name\":\"Damenfrisuren Galerie | Make-up & Styling im Salon\",\"isPartOf\":{\"@id\":\"https:\/\/coiffeurprince.ch\/#website\"},\"primaryImageOfPage\":{\"@id\":\"https:\/\/coiffeurprince.ch\/damen-galerie\/#primaryimage\"},\"image\":{\"@id\":\"https:\/\/coiffeurprince.ch\/damen-galerie\/#primaryimage\"},\"thumbnailUrl\":\"https:\/\/coiffeurprince.ch\/wp-content\/uploads\/2026\/02\/1-5.webp\",\"datePublished\":\"2021-09-15T10:25:42+00:00\",\"dateModified\":\"2026-03-12T08:17:00+00:00\",\"description\":\"Entdecken Sie unsere Damenfrisuren Galerie mit modernen Haarschnitten, Make-up und professionellen Styling-Looks aus unserem Salon.\",\"breadcrumb\":{\"@id\":\"https:\/\/coiffeurprince.ch\/damen-galerie\/#breadcrumb\"},\"inLanguage\":\"de\",\"potentialAction\":[{\"@type\":\"ReadAction\",\"target\":[\"https:\/\/coiffeurprince.ch\/damen-galerie\/\"]}]},{\"@type\":\"ImageObject\",\"inLanguage\":\"de\",\"@id\":\"https:\/\/coiffeurprince.ch\/damen-galerie\/#primaryimage\",\"url\":\"https:\/\/coiffeurprince.ch\/wp-content\/uploads\/2026\/02\/1-5.webp\",\"contentUrl\":\"https:\/\/coiffeurprince.ch\/wp-content\/uploads\/2026\/02\/1-5.webp\"},{\"@type\":\"BreadcrumbList\",\"@id\":\"https:\/\/coiffeurprince.ch\/damen-galerie\/#breadcrumb\",\"itemListElement\":[{\"@type\":\"ListItem\",\"position\":1,\"name\":\"Home\",\"item\":\"https:\/\/coiffeurprince.ch\/\"},{\"@type\":\"ListItem\",\"position\":2,\"name\":\"Damen Galerie\"}]},{\"@type\":\"WebSite\",\"@id\":\"https:\/\/coiffeurprince.ch\/#website\",\"url\":\"https:\/\/coiffeurprince.ch\/\",\"name\":\"Coiffeur Prince\",\"description\":\"\",\"publisher\":{\"@id\":\"https:\/\/coiffeurprince.ch\/#organization\"},\"potentialAction\":[{\"@type\":\"SearchAction\",\"target\":{\"@type\":\"EntryPoint\",\"urlTemplate\":\"https:\/\/coiffeurprince.ch\/?s={search_term_string}\"},\"query-input\":{\"@type\":\"PropertyValueSpecification\",\"valueRequired\":true,\"valueName\":\"search_term_string\"}}],\"inLanguage\":\"de\"},{\"@type\":\"Organization\",\"@id\":\"https:\/\/coiffeurprince.ch\/#organization\",\"name\":\"Coiffeur Prince\",\"url\":\"https:\/\/coiffeurprince.ch\/\",\"logo\":{\"@type\":\"ImageObject\",\"inLanguage\":\"de\",\"@id\":\"https:\/\/coiffeurprince.ch\/#\/schema\/logo\/image\/\",\"url\":\"https:\/\/coiffeurprince.ch\/wp-content\/uploads\/2026\/01\/cropped-Untitled.png\",\"contentUrl\":\"https:\/\/coiffeurprince.ch\/wp-content\/uploads\/2026\/01\/cropped-Untitled.png\",\"width\":2348,\"height\":627,\"caption\":\"Coiffeur Prince\"},\"image\":{\"@id\":\"https:\/\/coiffeurprince.ch\/#\/schema\/logo\/image\/\"}}]}<\/script>\n<!-- \/ Yoast SEO plugin. -->","yoast_head_json":{"title":"Damenfrisuren Galerie | Make-up & Styling im Salon","description":"Entdecken Sie unsere Damenfrisuren Galerie mit modernen Haarschnitten, Make-up und professionellen Styling-Looks aus unserem Salon.","robots":{"index":"index","follow":"follow","max-snippet":"max-snippet:-1","max-image-preview":"max-image-preview:large","max-video-preview":"max-video-preview:-1"},"canonical":"https:\/\/coiffeurprince.ch\/de\/damen-galerie\/","og_locale":"de_DE","og_type":"article","og_title":"Damenfrisuren Galerie | Make-up & Styling im Salon","og_description":"Entdecken Sie unsere Damenfrisuren Galerie mit modernen Haarschnitten, Make-up und professionellen Styling-Looks aus unserem Salon.","og_url":"https:\/\/coiffeurprince.ch\/de\/damen-galerie\/","og_site_name":"Coiffeur Prince","article_modified_time":"2026-03-12T08:17:00+00:00","og_image":[{"url":"https:\/\/coiffeurprince.ch\/wp-content\/uploads\/2026\/02\/1-5.webp","type":"","width":"","height":""}],"twitter_card":"summary_large_image","twitter_misc":{"Gesch\u00e4tzte Lesezeit":"6\u00a0Minuten"},"schema":{"@context":"https:\/\/schema.org","@graph":[{"@type":"WebPage","@id":"https:\/\/coiffeurprince.ch\/damen-galerie\/","url":"https:\/\/coiffeurprince.ch\/damen-galerie\/","name":"Damenfrisuren Galerie | Make-up & Styling im Salon","isPartOf":{"@id":"https:\/\/coiffeurprince.ch\/#website"},"primaryImageOfPage":{"@id":"https:\/\/coiffeurprince.ch\/damen-galerie\/#primaryimage"},"image":{"@id":"https:\/\/coiffeurprince.ch\/damen-galerie\/#primaryimage"},"thumbnailUrl":"https:\/\/coiffeurprince.ch\/wp-content\/uploads\/2026\/02\/1-5.webp","datePublished":"2021-09-15T10:25:42+00:00","dateModified":"2026-03-12T08:17:00+00:00","description":"Entdecken Sie unsere Damenfrisuren Galerie mit modernen Haarschnitten, Make-up und professionellen Styling-Looks aus unserem Salon.","breadcrumb":{"@id":"https:\/\/coiffeurprince.ch\/damen-galerie\/#breadcrumb"},"inLanguage":"de","potentialAction":[{"@type":"ReadAction","target":["https:\/\/coiffeurprince.ch\/damen-galerie\/"]}]},{"@type":"ImageObject","inLanguage":"de","@id":"https:\/\/coiffeurprince.ch\/damen-galerie\/#primaryimage","url":"https:\/\/coiffeurprince.ch\/wp-content\/uploads\/2026\/02\/1-5.webp","contentUrl":"https:\/\/coiffeurprince.ch\/wp-content\/uploads\/2026\/02\/1-5.webp"},{"@type":"BreadcrumbList","@id":"https:\/\/coiffeurprince.ch\/damen-galerie\/#breadcrumb","itemListElement":[{"@type":"ListItem","position":1,"name":"Home","item":"https:\/\/coiffeurprince.ch\/"},{"@type":"ListItem","position":2,"name":"Damen Galerie"}]},{"@type":"WebSite","@id":"https:\/\/coiffeurprince.ch\/#website","url":"https:\/\/coiffeurprince.ch\/","name":"Coiffeur Prince","description":"","publisher":{"@id":"https:\/\/coiffeurprince.ch\/#organization"},"potentialAction":[{"@type":"SearchAction","target":{"@type":"EntryPoint","urlTemplate":"https:\/\/coiffeurprince.ch\/?s={search_term_string}"},"query-input":{"@type":"PropertyValueSpecification","valueRequired":true,"valueName":"search_term_string"}}],"inLanguage":"de"},{"@type":"Organization","@id":"https:\/\/coiffeurprince.ch\/#organization","name":"Coiffeur Prince","url":"https:\/\/coiffeurprince.ch\/","logo":{"@type":"ImageObject","inLanguage":"de","@id":"https:\/\/coiffeurprince.ch\/#\/schema\/logo\/image\/","url":"https:\/\/coiffeurprince.ch\/wp-content\/uploads\/2026\/01\/cropped-Untitled.png","contentUrl":"https:\/\/coiffeurprince.ch\/wp-content\/uploads\/2026\/01\/cropped-Untitled.png","width":2348,"height":627,"caption":"Coiffeur Prince"},"image":{"@id":"https:\/\/coiffeurprince.ch\/#\/schema\/logo\/image\/"}}]}},"_links":{"self":[{"href":"https:\/\/coiffeurprince.ch\/de\/wp-json\/wp\/v2\/pages\/2877","targetHints":{"allow":["GET"]}}],"collection":[{"href":"https:\/\/coiffeurprince.ch\/de\/wp-json\/wp\/v2\/pages"}],"about":[{"href":"https:\/\/coiffeurprince.ch\/de\/wp-json\/wp\/v2\/types\/page"}],"author":[{"embeddable":true,"href":"https:\/\/coiffeurprince.ch\/de\/wp-json\/wp\/v2\/users\/1"}],"replies":[{"embeddable":true,"href":"https:\/\/coiffeurprince.ch\/de\/wp-json\/wp\/v2\/comments?post=2877"}],"version-history":[{"count":47,"href":"https:\/\/coiffeurprince.ch\/de\/wp-json\/wp\/v2\/pages\/2877\/revisions"}],"predecessor-version":[{"id":9250,"href":"https:\/\/coiffeurprince.ch\/de\/wp-json\/wp\/v2\/pages\/2877\/revisions\/9250"}],"wp:attachment":[{"href":"https:\/\/coiffeurprince.ch\/de\/wp-json\/wp\/v2\/media?parent=2877"}],"curies":[{"name":"wp","href":"https:\/\/api.w.org\/{rel}","templated":true}]}}