{"id":8472,"date":"2026-02-09T08:25:30","date_gmt":"2026-02-09T08:25:30","guid":{"rendered":"https:\/\/coiffeurprince.ch\/?page_id=8472"},"modified":"2026-02-12T08:49:28","modified_gmt":"2026-02-12T08:49:28","slug":"impressum","status":"publish","type":"page","link":"https:\/\/coiffeurprince.ch\/de\/impressum\/","title":{"rendered":"Impressum"},"content":{"rendered":"\t\t<div data-elementor-type=\"wp-page\" data-elementor-id=\"8472\" class=\"elementor elementor-8472\" data-elementor-post-type=\"page\">\n\t\t\t\t<div class=\"elementor-element elementor-element-458ce0d e-flex e-con-boxed e-con e-parent\" data-id=\"458ce0d\" data-element_type=\"container\" data-e-type=\"container\">\n\t\t\t\t\t<div class=\"e-con-inner\">\n\t\t<div class=\"elementor-element elementor-element-eceb9a7 e-con-full e-flex e-con e-child\" data-id=\"eceb9a7\" data-element_type=\"container\" data-e-type=\"container\" data-settings=\"{&quot;background_background&quot;:&quot;classic&quot;}\">\n\t\t\t\t<div class=\"elementor-element elementor-element-52bc8ca elementor-widget elementor-widget-text-editor\" data-id=\"52bc8ca\" data-element_type=\"widget\" data-e-type=\"widget\" data-widget_type=\"text-editor.default\">\n\t\t\t\t\t\t\t\t\t<h1 data-start=\"242\" data-end=\"255\">Impressum<\/h1><p data-start=\"286\" data-end=\"395\"><strong>Angaben gem\u00e4\u00df \u00a7 5 TMG:<\/strong><\/p><p data-start=\"286\" data-end=\"395\">Coiffeur Prince<br data-start=\"354\" data-end=\"357\" \/>Obere Bahnhofstrasse 32A, 8640 Rapperswil-Jona<\/p><p data-start=\"397\" data-end=\"510\"><strong data-start=\"397\" data-end=\"409\">Kontakt:<\/strong><br data-start=\"409\" data-end=\"412\" \/>Telefon:<a href=\"tel:+41 76 533 49 98\"> +41 76 533 49 98<\/a><br data-start=\"445\" data-end=\"448\" \/>E-Mail: <a class=\"text-inherit\" href=\"mailto:info@coiffeur-prince.ch\">info@coiffeur-prince.ch<\/a><\/p><p data-start=\"512\" data-end=\"588\"><strong>Vertretungsberechtigte Person:<\/strong><br data-start=\"532\" data-end=\"535\" \/>Herren Farhat Mohamad<\/p><p data-start=\"590\" data-end=\"709\"><strong>Umsatzsteuer-Identifikationsnummer (UID):<\/strong><br \/>[Nummer falls vorhanden]<\/p><p data-start=\"1274\" data-end=\"1591\"><strong>Haftungsausschluss:<\/strong><br \/>Die Inhalte dieser Website werden mit gr\u00f6\u00dftm\u00f6glicher Sorgfalt erstellt. Coiffeur Prince \u00fcbernimmt jedoch keine Gew\u00e4hr f\u00fcr die Richtigkeit, Vollst\u00e4ndigkeit und Aktualit\u00e4t der Inhalte. Externe Links werden nicht kontrolliert; f\u00fcr deren Inhalte ist der jeweilige Anbieter verantwortlich. Coiffeur Prince haftet nicht f\u00fcr direkte oder indirekte Sch\u00e4den, die aus der Nutzung dieser Website entstehen, soweit diese nicht auf Vorsatz oder grober Fahrl\u00e4ssigkeit beruhen. Sollte eine Formulierung dieser Erkl\u00e4rung der geltenden Rechtslage nicht entsprechen, bleibt der Haftungsausschluss im \u00dcbrigen wirksam.<\/p><p data-start=\"1593\" data-end=\"1924\"><strong data-start=\"1593\" data-end=\"1610\">Urheberrecht: <br \/><\/strong>Alle Inhalte dieser Website, einschlie\u00dflich Texte, Bilder, Grafiken und Videos, sind urheberrechtlich gesch\u00fctzt. Jegliche Vervielf\u00e4ltigung, Verbreitung oder Weitergabe der Inhalte bedarf der ausdr\u00fccklichen schriftlichen Zustimmung von Coiffeur Prince.<\/p>\t\t\t\t\t\t\t\t<\/div>\n\t\t\t\t<\/div>\n\t\t\t\t\t<\/div>\n\t\t\t\t<\/div>\n\t\t\t\t<\/div>\n\t\t","protected":false},"excerpt":{"rendered":"<p>Impressum Angaben gem\u00e4\u00df \u00a7 5 TMG: Coiffeur PrinceObere Bahnhofstrasse 32A, 8640 Rapperswil-Jona Kontakt:Telefon: +41 76 533 49 98E-Mail: info@coiffeur-prince.ch Vertretungsberechtigte Person:Herren Farhat Mohamad Umsatzsteuer-Identifikationsnummer (UID):[Nummer falls vorhanden] Haftungsausschluss:Die Inhalte dieser Website werden mit gr\u00f6\u00dftm\u00f6glicher Sorgfalt erstellt. Coiffeur Prince \u00fcbernimmt jedoch keine Gew\u00e4hr f\u00fcr die Richtigkeit, Vollst\u00e4ndigkeit und Aktualit\u00e4t der Inhalte. Externe Links werden nicht kontrolliert;&#8230;<\/p>\n","protected":false},"author":1,"featured_media":0,"parent":0,"menu_order":0,"comment_status":"closed","ping_status":"closed","template":"template-builder.php","meta":{"_monsterinsights_skip_tracking":false,"_monsterinsights_sitenote_active":false,"_monsterinsights_sitenote_note":"","_monsterinsights_sitenote_category":0,"footnotes":""},"class_list":["post-8472","page","type-page","status-publish","hentry"],"aioseo_notices":[],"yoast_head":"<!-- This site is optimized with the Yoast SEO plugin v27.0 - https:\/\/yoast.com\/product\/yoast-seo-wordpress\/ -->\n<title>Impressum \u2013 Coiffeur Prince Rapperswil-Jona<\/title>\n<meta name=\"description\" content=\"Impressum von Coiffeur Prince in Rapperswil-Jona mit allen rechtlichen Angaben, Kontaktinformationen und Verantwortlichen.\" \/>\n<meta name=\"robots\" content=\"noindex, nofollow\" \/>\n<meta property=\"og:locale\" content=\"de_DE\" \/>\n<meta property=\"og:type\" content=\"article\" \/>\n<meta property=\"og:title\" content=\"Impressum \u2013 Coiffeur Prince Rapperswil-Jona\" \/>\n<meta property=\"og:description\" content=\"Impressum von Coiffeur Prince in Rapperswil-Jona mit allen rechtlichen Angaben, Kontaktinformationen und Verantwortlichen.\" \/>\n<meta property=\"og:url\" content=\"https:\/\/coiffeurprince.ch\/de\/impressum\/\" \/>\n<meta property=\"og:site_name\" content=\"Coiffeur Prince\" \/>\n<meta property=\"article:modified_time\" content=\"2026-02-12T08:49:28+00:00\" \/>\n<meta name=\"twitter:card\" content=\"summary_large_image\" \/>\n<meta name=\"twitter:label1\" content=\"Gesch\u00e4tzte Lesezeit\" \/>\n\t<meta name=\"twitter:data1\" content=\"1\u00a0Minute\" \/>\n<script type=\"application\/ld+json\" class=\"yoast-schema-graph\">{\"@context\":\"https:\/\/schema.org\",\"@graph\":[{\"@type\":\"WebPage\",\"@id\":\"https:\/\/coiffeurprince.ch\/impressum\/\",\"url\":\"https:\/\/coiffeurprince.ch\/impressum\/\",\"name\":\"Impressum \u2013 Coiffeur Prince Rapperswil-Jona\",\"isPartOf\":{\"@id\":\"https:\/\/coiffeurprince.ch\/#website\"},\"datePublished\":\"2026-02-09T08:25:30+00:00\",\"dateModified\":\"2026-02-12T08:49:28+00:00\",\"description\":\"Impressum von Coiffeur Prince in Rapperswil-Jona mit allen rechtlichen Angaben, Kontaktinformationen und Verantwortlichen.\",\"breadcrumb\":{\"@id\":\"https:\/\/coiffeurprince.ch\/impressum\/#breadcrumb\"},\"inLanguage\":\"de\",\"potentialAction\":[{\"@type\":\"ReadAction\",\"target\":[\"https:\/\/coiffeurprince.ch\/impressum\/\"]}]},{\"@type\":\"BreadcrumbList\",\"@id\":\"https:\/\/coiffeurprince.ch\/impressum\/#breadcrumb\",\"itemListElement\":[{\"@type\":\"ListItem\",\"position\":1,\"name\":\"Home\",\"item\":\"https:\/\/coiffeurprince.ch\/\"},{\"@type\":\"ListItem\",\"position\":2,\"name\":\"Impressum\"}]},{\"@type\":\"WebSite\",\"@id\":\"https:\/\/coiffeurprince.ch\/#website\",\"url\":\"https:\/\/coiffeurprince.ch\/\",\"name\":\"Coiffeur Prince\",\"description\":\"\",\"publisher\":{\"@id\":\"https:\/\/coiffeurprince.ch\/#organization\"},\"potentialAction\":[{\"@type\":\"SearchAction\",\"target\":{\"@type\":\"EntryPoint\",\"urlTemplate\":\"https:\/\/coiffeurprince.ch\/?s={search_term_string}\"},\"query-input\":{\"@type\":\"PropertyValueSpecification\",\"valueRequired\":true,\"valueName\":\"search_term_string\"}}],\"inLanguage\":\"de\"},{\"@type\":\"Organization\",\"@id\":\"https:\/\/coiffeurprince.ch\/#organization\",\"name\":\"Coiffeur Prince\",\"url\":\"https:\/\/coiffeurprince.ch\/\",\"logo\":{\"@type\":\"ImageObject\",\"inLanguage\":\"de\",\"@id\":\"https:\/\/coiffeurprince.ch\/#\/schema\/logo\/image\/\",\"url\":\"https:\/\/coiffeurprince.ch\/wp-content\/uploads\/2026\/01\/cropped-Untitled.png\",\"contentUrl\":\"https:\/\/coiffeurprince.ch\/wp-content\/uploads\/2026\/01\/cropped-Untitled.png\",\"width\":2348,\"height\":627,\"caption\":\"Coiffeur Prince\"},\"image\":{\"@id\":\"https:\/\/coiffeurprince.ch\/#\/schema\/logo\/image\/\"}}]}<\/script>\n<!-- \/ Yoast SEO plugin. -->","yoast_head_json":{"title":"Impressum \u2013 Coiffeur Prince Rapperswil-Jona","description":"Impressum von Coiffeur Prince in Rapperswil-Jona mit allen rechtlichen Angaben, Kontaktinformationen und Verantwortlichen.","robots":{"index":"noindex","follow":"nofollow"},"og_locale":"de_DE","og_type":"article","og_title":"Impressum \u2013 Coiffeur Prince Rapperswil-Jona","og_description":"Impressum von Coiffeur Prince in Rapperswil-Jona mit allen rechtlichen Angaben, Kontaktinformationen und Verantwortlichen.","og_url":"https:\/\/coiffeurprince.ch\/de\/impressum\/","og_site_name":"Coiffeur Prince","article_modified_time":"2026-02-12T08:49:28+00:00","twitter_card":"summary_large_image","twitter_misc":{"Gesch\u00e4tzte Lesezeit":"1\u00a0Minute"},"schema":{"@context":"https:\/\/schema.org","@graph":[{"@type":"WebPage","@id":"https:\/\/coiffeurprince.ch\/impressum\/","url":"https:\/\/coiffeurprince.ch\/impressum\/","name":"Impressum \u2013 Coiffeur Prince Rapperswil-Jona","isPartOf":{"@id":"https:\/\/coiffeurprince.ch\/#website"},"datePublished":"2026-02-09T08:25:30+00:00","dateModified":"2026-02-12T08:49:28+00:00","description":"Impressum von Coiffeur Prince in Rapperswil-Jona mit allen rechtlichen Angaben, Kontaktinformationen und Verantwortlichen.","breadcrumb":{"@id":"https:\/\/coiffeurprince.ch\/impressum\/#breadcrumb"},"inLanguage":"de","potentialAction":[{"@type":"ReadAction","target":["https:\/\/coiffeurprince.ch\/impressum\/"]}]},{"@type":"BreadcrumbList","@id":"https:\/\/coiffeurprince.ch\/impressum\/#breadcrumb","itemListElement":[{"@type":"ListItem","position":1,"name":"Home","item":"https:\/\/coiffeurprince.ch\/"},{"@type":"ListItem","position":2,"name":"Impressum"}]},{"@type":"WebSite","@id":"https:\/\/coiffeurprince.ch\/#website","url":"https:\/\/coiffeurprince.ch\/","name":"Coiffeur Prince","description":"","publisher":{"@id":"https:\/\/coiffeurprince.ch\/#organization"},"potentialAction":[{"@type":"SearchAction","target":{"@type":"EntryPoint","urlTemplate":"https:\/\/coiffeurprince.ch\/?s={search_term_string}"},"query-input":{"@type":"PropertyValueSpecification","valueRequired":true,"valueName":"search_term_string"}}],"inLanguage":"de"},{"@type":"Organization","@id":"https:\/\/coiffeurprince.ch\/#organization","name":"Coiffeur Prince","url":"https:\/\/coiffeurprince.ch\/","logo":{"@type":"ImageObject","inLanguage":"de","@id":"https:\/\/coiffeurprince.ch\/#\/schema\/logo\/image\/","url":"https:\/\/coiffeurprince.ch\/wp-content\/uploads\/2026\/01\/cropped-Untitled.png","contentUrl":"https:\/\/coiffeurprince.ch\/wp-content\/uploads\/2026\/01\/cropped-Untitled.png","width":2348,"height":627,"caption":"Coiffeur Prince"},"image":{"@id":"https:\/\/coiffeurprince.ch\/#\/schema\/logo\/image\/"}}]}},"_links":{"self":[{"href":"https:\/\/coiffeurprince.ch\/de\/wp-json\/wp\/v2\/pages\/8472","targetHints":{"allow":["GET"]}}],"collection":[{"href":"https:\/\/coiffeurprince.ch\/de\/wp-json\/wp\/v2\/pages"}],"about":[{"href":"https:\/\/coiffeurprince.ch\/de\/wp-json\/wp\/v2\/types\/page"}],"author":[{"embeddable":true,"href":"https:\/\/coiffeurprince.ch\/de\/wp-json\/wp\/v2\/users\/1"}],"replies":[{"embeddable":true,"href":"https:\/\/coiffeurprince.ch\/de\/wp-json\/wp\/v2\/comments?post=8472"}],"version-history":[{"count":31,"href":"https:\/\/coiffeurprince.ch\/de\/wp-json\/wp\/v2\/pages\/8472\/revisions"}],"predecessor-version":[{"id":8671,"href":"https:\/\/coiffeurprince.ch\/de\/wp-json\/wp\/v2\/pages\/8472\/revisions\/8671"}],"wp:attachment":[{"href":"https:\/\/coiffeurprince.ch\/de\/wp-json\/wp\/v2\/media?parent=8472"}],"curies":[{"name":"wp","href":"https:\/\/api.w.org\/{rel}","templated":true}]}}